{"id":19364,"date":"2021-10-17T08:51:19","date_gmt":"2021-10-17T08:51:19","guid":{"rendered":"https:\/\/www.cisp.si\/2021\/pomembne-povezave-copy\/"},"modified":"2023-12-14T12:09:40","modified_gmt":"2023-12-14T12:09:40","slug":"donacija","status":"publish","type":"page","link":"https:\/\/www.cisp.si\/2021\/donacija\/","title":{"rendered":"DONACIJA"},"content":{"rendered":"\t\t<div data-elementor-type=\"wp-page\" data-elementor-id=\"19364\" class=\"elementor elementor-19364\" data-elementor-settings=\"[]\">\n\t\t\t\t\t\t<div class=\"elementor-inner\">\n\t\t\t\t\t\t\t<div class=\"elementor-section-wrap\">\n\t\t\t\t\t\t\t<section class=\"elementor-section elementor-top-section elementor-element elementor-element-59d9dd8 elementor-section-full_width elementor-section-height-min-height elementor-section-stretched elementor-section-height-default elementor-section-items-middle elementor-invisible\" data-id=\"59d9dd8\" data-element_type=\"section\" data-settings=\"{&quot;stretch_section&quot;:&quot;section-stretched&quot;,&quot;animation&quot;:&quot;fadeIn&quot;,&quot;background_background&quot;:&quot;classic&quot;}\">\n\t\t\t\t\t\t<div class=\"elementor-container elementor-column-gap-default\">\n\t\t\t\t\t\t\t<div class=\"elementor-row\">\n\t\t\t\t\t<div class=\"elementor-column elementor-col-100 elementor-top-column elementor-element elementor-element-6ab2e93\" data-id=\"6ab2e93\" data-element_type=\"column\">\n\t\t\t<div class=\"elementor-column-wrap elementor-element-populated\">\n\t\t\t\t\t\t\t<div class=\"elementor-widget-wrap\">\n\t\t\t\t\t\t<div class=\"elementor-element elementor-element-09d59f3 elementor-widget elementor-widget-heading\" data-id=\"09d59f3\" data-element_type=\"widget\" data-widget_type=\"heading.default\">\n\t\t\t\t<div class=\"elementor-widget-container\">\n\t\t\t<h2 class=\"elementor-heading-title elementor-size-default\">DONACIJA<\/h2>\t\t<\/div>\n\t\t\t\t<\/div>\n\t\t\t\t\t\t<\/div>\n\t\t\t\t\t<\/div>\n\t\t<\/div>\n\t\t\t\t\t\t\t\t<\/div>\n\t\t\t\t\t<\/div>\n\t\t<\/section>\n\t\t\t\t<section class=\"elementor-section elementor-top-section elementor-element elementor-element-d52b843 elementor-section-boxed elementor-section-height-default elementor-section-height-default\" data-id=\"d52b843\" data-element_type=\"section\">\n\t\t\t\t\t\t<div class=\"elementor-container elementor-column-gap-default\">\n\t\t\t\t\t\t\t<div class=\"elementor-row\">\n\t\t\t\t\t<div class=\"elementor-column elementor-col-100 elementor-top-column elementor-element elementor-element-263a378\" data-id=\"263a378\" data-element_type=\"column\">\n\t\t\t<div class=\"elementor-column-wrap elementor-element-populated\">\n\t\t\t\t\t\t\t<div class=\"elementor-widget-wrap\">\n\t\t\t\t\t\t<div class=\"elementor-element elementor-element-3e8e2a3 elementor-widget elementor-widget-text-editor\" data-id=\"3e8e2a3\" data-element_type=\"widget\" data-widget_type=\"text-editor.default\">\n\t\t\t\t<div class=\"elementor-widget-container\">\n\t\t\t\t\t\t\t\t<div class=\"elementor-text-editor elementor-clearfix\">\n\t\t\t\t<p><strong>Pod okriljem Zavoda CISP potekajo \u0161tevilne pobude, pomo\u010di, svetovanja, prireditve in predavanja, vlagajo se to\u017ebe, zato vas prosimo, da podprete na\u0161a prizadevanja:<\/strong><\/p><p><strong>ZAVOD CISP<\/strong><\/p><p>TRR: SI56 0316 0100 1586 471<em>, SKB d.d.<\/em><\/p>\t\t\t\t\t<\/div>\n\t\t\t\t\t\t<\/div>\n\t\t\t\t<\/div>\n\t\t\t\t\t\t<\/div>\n\t\t\t\t\t<\/div>\n\t\t<\/div>\n\t\t\t\t\t\t\t\t<\/div>\n\t\t\t\t\t<\/div>\n\t\t<\/section>\n\t\t\t\t<section class=\"elementor-section elementor-top-section elementor-element elementor-element-d8de90b elementor-section-boxed elementor-section-height-default elementor-section-height-default\" data-id=\"d8de90b\" data-element_type=\"section\">\n\t\t\t\t\t\t<div class=\"elementor-container elementor-column-gap-default\">\n\t\t\t\t\t\t\t<div class=\"elementor-row\">\n\t\t\t\t\t<div class=\"elementor-column elementor-col-100 elementor-top-column elementor-element elementor-element-17789bd\" data-id=\"17789bd\" data-element_type=\"column\">\n\t\t\t<div class=\"elementor-column-wrap elementor-element-populated\">\n\t\t\t\t\t\t\t<div class=\"elementor-widget-wrap\">\n\t\t\t\t\t\t<div class=\"elementor-element elementor-element-6d0a171 elementor-widget elementor-widget-heading\" data-id=\"6d0a171\" data-element_type=\"widget\" data-widget_type=\"heading.default\">\n\t\t\t\t<div class=\"elementor-widget-container\">\n\t\t\t<h2 class=\"elementor-heading-title elementor-size-default\">KAZENSKA OVADBA ZA VSE STROKOVNE SKUPINE, KI PODPIRAJO OBVEZNO CEPLJENJE<\/h2>\t\t<\/div>\n\t\t\t\t<\/div>\n\t\t\t\t\t\t<\/div>\n\t\t\t\t\t<\/div>\n\t\t<\/div>\n\t\t\t\t\t\t\t\t<\/div>\n\t\t\t\t\t<\/div>\n\t\t<\/section>\n\t\t\t\t<section class=\"elementor-section elementor-top-section elementor-element elementor-element-6128f4d elementor-section-boxed elementor-section-height-default elementor-section-height-default\" data-id=\"6128f4d\" data-element_type=\"section\">\n\t\t\t\t\t\t<div class=\"elementor-container elementor-column-gap-default\">\n\t\t\t\t\t\t\t<div class=\"elementor-row\">\n\t\t\t\t\t<div class=\"elementor-column elementor-col-100 elementor-top-column elementor-element elementor-element-a81ab3a\" data-id=\"a81ab3a\" data-element_type=\"column\">\n\t\t\t<div class=\"elementor-column-wrap elementor-element-populated\">\n\t\t\t\t\t\t\t<div class=\"elementor-widget-wrap\">\n\t\t\t\t\t\t<div class=\"elementor-element elementor-element-fa2d2e6 elementor-widget elementor-widget-text-editor\" data-id=\"fa2d2e6\" data-element_type=\"widget\" data-widget_type=\"text-editor.default\">\n\t\t\t\t<div class=\"elementor-widget-container\">\n\t\t\t\t\t\t\t\t<div class=\"elementor-text-editor elementor-clearfix\">\n\t\t\t\t<p>Pri CISP (Civilna iniciativa slovenskih pravnikov) smo se odlo\u010dili, da bomo vlo\u017eili kazensko ovadbo za vse odgovorne v treh strokovnih skupinah, ki podpirajo OBVEZNO CEPLJENJE, kar so tudi javno izpostavile.<\/p><p>Gre za:<\/p><ul><li>Svetovalno skupino za covid-19<\/li><li>Strokovni svet UKCL<\/li><li>Slovensko zdravni\u0161ko dru\u0161tvo.<\/li><\/ul><p>Kazenski ovadbi se lahko priklju\u010di vsak posameznik. Svojo prijavo lahko oddate na na\u0161 elektronski naslov: <a href=\"mailto:info@slovenian-lawyers.com\">info@slovenian-lawyers.com<\/a>. Za podpisnike ni stro\u0161kov.<\/p><p>Prosimo vas, da podprete na\u0161a prizadevanja s prispevki, saj jih nujno potrebujemo za izvedeni\u0161ka mnenja, sodno overjene prevode, takse\u2026.<\/p><p>Na tej povezavi najdete vse podatke glede donacij. <br \/><a href=\"https:\/\/www.cisp.si\/2021\/donacija\/?fbclid=IwAR1Gxw1g6slK9Bo6LbwZ50dl4bauj_HX7PCa8BjhrLrrx4V7NMctIuXU-Xc\" data-saferedirecturl=\"https:\/\/www.google.com\/url?q=https:\/\/www.cisp.si\/2021\/donacija\/?fbclid%3DIwAR1Gxw1g6slK9Bo6LbwZ50dl4bauj_HX7PCa8BjhrLrrx4V7NMctIuXU-Xc&amp;source=gmail&amp;ust=1641463643331000&amp;usg=AOvVaw09-TXDDD9gD51wvoKl2BOC\">https:\/\/www.cisp.si\/2021\/donacija\/<\/a><\/p><p>ODGOVORNI ZA POTENCIALNO UVEDBO OBVEZNEGA CEPLJENJA<\/p><p>\u010clani strokovnega sveta UKCL<br \/><a href=\"https:\/\/www.kclj.si\/dokumenti\/UKCL_POSLOVNO_POROCILO_2020_0311.pdf?fbclid=IwAR2-aGENPSzbYgWD3HkK5DVOX2_bwOntX6rSbkkhrUw_CNVyhNnsAxShsI4\" data-saferedirecturl=\"https:\/\/www.google.com\/url?q=https:\/\/www.kclj.si\/dokumenti\/UKCL_POSLOVNO_POROCILO_2020_0311.pdf?fbclid%3DIwAR2-aGENPSzbYgWD3HkK5DVOX2_bwOntX6rSbkkhrUw_CNVyhNnsAxShsI4&amp;source=gmail&amp;ust=1641463643331000&amp;usg=AOvVaw2c1QxUPsj2cfk4dpwdcE9y\">https:\/\/www.kclj.si\/&#8230;\/UKCL_POSLOVNO_POROCILO_2020_0311.pdf<\/a> &#8211; stran 11<\/p><p>\u010clani svetovalne skupine za Covid-19<br \/><a href=\"https:\/\/www.gov.si\/teme\/koronavirus-sars-cov-2\/za-izvajalce-zdravstvene-dejavnosti\/?fbclid=IwAR27Vmn46VSCqyiVaO-nRoyWv1Q7v7GsUiCk5zFtwwBR5WhRBndu5k_kFco\" data-saferedirecturl=\"https:\/\/www.google.com\/url?q=https:\/\/www.gov.si\/teme\/koronavirus-sars-cov-2\/za-izvajalce-zdravstvene-dejavnosti\/?fbclid%3DIwAR27Vmn46VSCqyiVaO-nRoyWv1Q7v7GsUiCk5zFtwwBR5WhRBndu5k_kFco&amp;source=gmail&amp;ust=1641463643331000&amp;usg=AOvVaw2dlt6oQsK9wDZueyuz7Kj7\">https:\/\/www.gov.si\/&#8230;\/za-izvajalce-zdravstvene-dejavnosti\/<\/a><\/p><p>Glavni strokovni svet slovenskega zdravni\u0161kega dru\u0161tva<br \/><a href=\"https:\/\/www.szd.si\/o-drustvu\/glavni-strokovni-svet\/?fbclid=IwAR3N_S9zHJml-IeWAMHMs1DwzbEsTn27mH_Ou_weo7UDwqswyc_CePo8kWA\" data-saferedirecturl=\"https:\/\/www.google.com\/url?q=https:\/\/www.szd.si\/o-drustvu\/glavni-strokovni-svet\/?fbclid%3DIwAR3N_S9zHJml-IeWAMHMs1DwzbEsTn27mH_Ou_weo7UDwqswyc_CePo8kWA&amp;source=gmail&amp;ust=1641463643331000&amp;usg=AOvVaw3ZbR_3lsn7jM5tMoAiEpPv\">https:\/\/www.szd.si\/o-drustvu\/glavni-strokovni-svet\/<\/a><\/p><p>__________________________________________<\/p><p>Objave v uradnih medijih:<\/p><p><a href=\"https:\/\/www.rtvslo.si\/zdravje\/novi-koronavirus\/svetovalna-skupina-vztraja-obvezno-cepljenje-za-starejse-od-50-let-in-tiste-z-drugimi-boleznimi\/606616?utc_source=ios_app&amp;fbclid=IwAR1yVcXMW2GHCxObHcrlKQ820_4qeJi20-SuNOYrfPP37OtNvjqdMjcq790\" data-saferedirecturl=\"https:\/\/www.google.com\/url?q=https:\/\/www.rtvslo.si\/zdravje\/novi-koronavirus\/svetovalna-skupina-vztraja-obvezno-cepljenje-za-starejse-od-50-let-in-tiste-z-drugimi-boleznimi\/606616?utc_source%3Dios_app%26fbclid%3DIwAR1yVcXMW2GHCxObHcrlKQ820_4qeJi20-SuNOYrfPP37OtNvjqdMjcq790&amp;source=gmail&amp;ust=1641463643331000&amp;usg=AOvVaw2p7IwjoMfSKrX4eREGb03I\">https:\/\/www.rtvslo.si\/&#8230;\/svetovalna-skupina&#8230;\/606616&#8230;<\/a><br \/><a href=\"https:\/\/n1info.si\/koronavirus\/strokovni-svet-ukc-ljubljana-za-obvezno-cepljenje\/?fbclid=IwAR0kSmldzSaflRIQB-BKOrEyKspsdaFs0T5Tdowi2JrOxjWDTQ2FwD_-DK4\" data-saferedirecturl=\"https:\/\/www.google.com\/url?q=https:\/\/n1info.si\/koronavirus\/strokovni-svet-ukc-ljubljana-za-obvezno-cepljenje\/?fbclid%3DIwAR0kSmldzSaflRIQB-BKOrEyKspsdaFs0T5Tdowi2JrOxjWDTQ2FwD_-DK4&amp;source=gmail&amp;ust=1641463643331000&amp;usg=AOvVaw1K0uGgpg8ly4AdBpRJ-dAk\">https:\/\/n1info.si\/&#8230;\/strokovni-svet-ukc-ljubljana-za&#8230;\/<\/a><br \/><a href=\"https:\/\/www.dnevnik.si\/1042979841\/slovenija\/slovensko-zdravnisko-drustvo-za-uvedbo-obveznega-cepljenja?fbclid=IwAR1VGIU1Cl4qKZc8o1r_2NQJdRwWBKuzzacQO9x6VfrcHq2A3vaE3ektXrA\" data-saferedirecturl=\"https:\/\/www.google.com\/url?q=https:\/\/www.dnevnik.si\/1042979841\/slovenija\/slovensko-zdravnisko-drustvo-za-uvedbo-obveznega-cepljenja?fbclid%3DIwAR1VGIU1Cl4qKZc8o1r_2NQJdRwWBKuzzacQO9x6VfrcHq2A3vaE3ektXrA&amp;source=gmail&amp;ust=1641463643331000&amp;usg=AOvVaw0CL0e_YxvbkXSc6r5TryFz\">https:\/\/www.dnevnik.si\/&#8230;\/slovensko-zdravnisko-drustvo..<\/a><\/p>\t\t\t\t\t<\/div>\n\t\t\t\t\t\t<\/div>\n\t\t\t\t<\/div>\n\t\t\t\t\t\t<\/div>\n\t\t\t\t\t<\/div>\n\t\t<\/div>\n\t\t\t\t\t\t\t\t<\/div>\n\t\t\t\t\t<\/div>\n\t\t<\/section>\n\t\t\t\t<section class=\"elementor-section elementor-top-section elementor-element elementor-element-f333b34 elementor-hidden-desktop elementor-hidden-tablet elementor-hidden-mobile elementor-section-boxed elementor-section-height-default elementor-section-height-default\" data-id=\"f333b34\" data-element_type=\"section\">\n\t\t\t\t\t\t<div class=\"elementor-container elementor-column-gap-default\">\n\t\t\t\t\t\t\t<div class=\"elementor-row\">\n\t\t\t\t\t<div class=\"elementor-column elementor-col-100 elementor-top-column elementor-element elementor-element-949fc51\" data-id=\"949fc51\" data-element_type=\"column\">\n\t\t\t<div class=\"elementor-column-wrap elementor-element-populated\">\n\t\t\t\t\t\t\t<div class=\"elementor-widget-wrap\">\n\t\t\t\t\t\t<div class=\"elementor-element elementor-element-046fc35 elementor-widget elementor-widget-text-editor\" data-id=\"046fc35\" data-element_type=\"widget\" data-widget_type=\"text-editor.default\">\n\t\t\t\t<div class=\"elementor-widget-container\">\n\t\t\t\t\t\t\t\t<div class=\"elementor-text-editor elementor-clearfix\">\n\t\t\t\t<p>Dru\u0161tvo za za\u0161\u010dito \u010dloveka in njegovih pravic Slovenije<br \/>Regentova ulica 6<br \/>2000 Maribor<\/p><p>Namen: Pravna podpora<br \/>Koda: CHAR<br \/>TRR: SI56 0284 3026 3830 868<br \/>Sklic: SI99<\/p><p>D\u0160: 89636651<br \/>Mat.\u0161t: 1741713000<\/p><p>Ni DDV zavezanec.<\/p>\t\t\t\t\t<\/div>\n\t\t\t\t\t\t<\/div>\n\t\t\t\t<\/div>\n\t\t\t\t\t\t<\/div>\n\t\t\t\t\t<\/div>\n\t\t<\/div>\n\t\t\t\t\t\t\t\t<\/div>\n\t\t\t\t\t<\/div>\n\t\t<\/section>\n\t\t\t\t\t\t<\/div>\n\t\t\t\t\t\t<\/div>\n\t\t\t\t\t<\/div>\n\t\t","protected":false},"excerpt":{"rendered":"<p>Pod okriljem Zavoda CISP potekajo \u0161tevilne pobude, pomo\u010di, svetovanja, prireditve in predavanja, vlagajo se to\u017ebe, zato vas prosimo, da podprete na\u0161a prizadevanja: ZAVOD CISP TRR: SI56 0316 0100 1586 471, SKB d.d. KAZENSKA OVADBA ZA VSE STROKOVNE SKUPINE, KI PODPIRAJO OBVEZNO CEPLJENJE Pri CISP (Civilna iniciativa slovenskih pravnikov) smo se odlo\u010dili, da bomo vlo\u017eili kazensko [&hellip;]<\/p>\n","protected":false},"author":1,"featured_media":0,"parent":0,"menu_order":0,"comment_status":"closed","ping_status":"closed","template":"elementor_header_footer","meta":[],"_links":{"self":[{"href":"https:\/\/www.cisp.si\/2021\/wp-json\/wp\/v2\/pages\/19364"}],"collection":[{"href":"https:\/\/www.cisp.si\/2021\/wp-json\/wp\/v2\/pages"}],"about":[{"href":"https:\/\/www.cisp.si\/2021\/wp-json\/wp\/v2\/types\/page"}],"author":[{"embeddable":true,"href":"https:\/\/www.cisp.si\/2021\/wp-json\/wp\/v2\/users\/1"}],"replies":[{"embeddable":true,"href":"https:\/\/www.cisp.si\/2021\/wp-json\/wp\/v2\/comments?post=19364"}],"version-history":[{"count":34,"href":"https:\/\/www.cisp.si\/2021\/wp-json\/wp\/v2\/pages\/19364\/revisions"}],"predecessor-version":[{"id":19686,"href":"https:\/\/www.cisp.si\/2021\/wp-json\/wp\/v2\/pages\/19364\/revisions\/19686"}],"wp:attachment":[{"href":"https:\/\/www.cisp.si\/2021\/wp-json\/wp\/v2\/media?parent=19364"}],"curies":[{"name":"wp","href":"https:\/\/api.w.org\/{rel}","templated":true}]}}