{"id":18235,"date":"2021-06-01T20:11:42","date_gmt":"2021-06-01T20:11:42","guid":{"rendered":"https:\/\/www.webpetarda.si\/Ponudbe\/odvetniki\/osnove-in-obrazci-copy\/"},"modified":"2021-09-14T22:11:46","modified_gmt":"2021-09-14T22:11:46","slug":"kdo-smo-kaj-zastopamo","status":"publish","type":"page","link":"https:\/\/www.cisp.si\/2021\/kdo-smo-kaj-zastopamo\/","title":{"rendered":"Kdo smo? Kaj zastopamo?"},"content":{"rendered":"\t\t<div data-elementor-type=\"wp-page\" data-elementor-id=\"18235\" class=\"elementor elementor-18235\" data-elementor-settings=\"[]\">\n\t\t\t\t\t\t<div class=\"elementor-inner\">\n\t\t\t\t\t\t\t<div class=\"elementor-section-wrap\">\n\t\t\t\t\t\t\t<section class=\"elementor-section elementor-top-section elementor-element elementor-element-59d9dd8 elementor-section-full_width elementor-section-height-min-height elementor-section-stretched elementor-section-height-default elementor-section-items-middle elementor-invisible\" data-id=\"59d9dd8\" data-element_type=\"section\" data-settings=\"{&quot;stretch_section&quot;:&quot;section-stretched&quot;,&quot;animation&quot;:&quot;fadeIn&quot;}\">\n\t\t\t\t\t\t<div class=\"elementor-container elementor-column-gap-default\">\n\t\t\t\t\t\t\t<div class=\"elementor-row\">\n\t\t\t\t\t<div class=\"elementor-column elementor-col-100 elementor-top-column elementor-element elementor-element-6ab2e93\" data-id=\"6ab2e93\" data-element_type=\"column\">\n\t\t\t<div class=\"elementor-column-wrap elementor-element-populated\">\n\t\t\t\t\t\t\t<div class=\"elementor-widget-wrap\">\n\t\t\t\t\t\t<div class=\"elementor-element elementor-element-09d59f3 elementor-widget elementor-widget-heading\" data-id=\"09d59f3\" data-element_type=\"widget\" data-widget_type=\"heading.default\">\n\t\t\t\t<div class=\"elementor-widget-container\">\n\t\t\t<h2 class=\"elementor-heading-title elementor-size-default\">Kdo smo? Kaj zastopamo?<\/h2>\t\t<\/div>\n\t\t\t\t<\/div>\n\t\t\t\t\t\t<\/div>\n\t\t\t\t\t<\/div>\n\t\t<\/div>\n\t\t\t\t\t\t\t\t<\/div>\n\t\t\t\t\t<\/div>\n\t\t<\/section>\n\t\t\t\t<section class=\"elementor-section elementor-top-section elementor-element elementor-element-488d571 elementor-section-height-min-height elementor-section-boxed elementor-section-height-default elementor-section-items-middle\" data-id=\"488d571\" data-element_type=\"section\">\n\t\t\t\t\t\t<div class=\"elementor-container elementor-column-gap-default\">\n\t\t\t\t\t\t\t<div class=\"elementor-row\">\n\t\t\t\t\t<div class=\"elementor-column elementor-col-100 elementor-top-column elementor-element elementor-element-b96e0f4\" data-id=\"b96e0f4\" data-element_type=\"column\">\n\t\t\t<div class=\"elementor-column-wrap elementor-element-populated\">\n\t\t\t\t\t\t\t<div class=\"elementor-widget-wrap\">\n\t\t\t\t\t\t<div class=\"elementor-element elementor-element-20a6727 elementor-widget elementor-widget-text-editor\" data-id=\"20a6727\" data-element_type=\"widget\" data-widget_type=\"text-editor.default\">\n\t\t\t\t<div class=\"elementor-widget-container\">\n\t\t\t\t\t\t\t\t<div class=\"elementor-text-editor elementor-clearfix\">\n\t\t\t\t<p>Smo neodvisni odvetniki, pravniki in drugi strokovnjaki, ki smo za\u010deli sodelovati z namenom, da bi za\u0161\u010ditili svobodo in demokracijo, pravno dr\u017eavo in na\u0161e dr\u017eavljane, ki i\u0161\u010dejo pravno za\u0161\u010dito zaradi \u0161tevilnih nesorazmernih dr\u017eavnih ukrepov, sprejetih na podlagi razglasitve epidemije COVIDA-19. Zastopamo osnovne \u010dlovekove pravice do osebne svobode, samoodlo\u010dbe, zaposlitve, gibanja, svobode zbiranja, vzgoje in izobra\u017eevanja, izra\u017eanja svojega mnenja in pravice do odlo\u010danja o svojem telesu, ki jih oblast iz dneva v dan velikokrat na podlagi izklju\u010dno politi\u010dnih in ne strokovnih odlo\u010ditev omejuje.<\/p>\t\t\t\t\t<\/div>\n\t\t\t\t\t\t<\/div>\n\t\t\t\t<\/div>\n\t\t\t\t<div class=\"elementor-element elementor-element-cd132a9 elementor-widget elementor-widget-text-editor\" data-id=\"cd132a9\" data-element_type=\"widget\" data-widget_type=\"text-editor.default\">\n\t\t\t\t<div class=\"elementor-widget-container\">\n\t\t\t\t\t\t\t\t<div class=\"elementor-text-editor elementor-clearfix\">\n\t\t\t\t<p>Ne pripadamo nobeni stranki ali gibanju, temve\u010d tvorimo civilno iniciativo. Grobo poseganje v zakonodajo in zapovedovanje dr\u017eavljanom v obliki odlokov ob hkratnem nedelovanju ustavnega sodi\u0161\u010da, je neprimerljivo stanje v celotnem 30 letnem obstoju samostojne Slovenije. Zavezani smo vrednotam ustavnopravnega sistema Slovenije in njenim dr\u017eavljanom. Kot taki seveda dajemo prednost varovanju zdravja v na\u0161i dru\u017ebi, vendar ostro nasprotujemo temu, da se javno zdravje zlorablja kot izgovor za vedno bolj neprimerne in grobe posege v na\u0161e temeljne pravice in svobo\u0161\u010dine. Zato zahtevamo javno razpravo razli\u010dnih strokovnjakov o vseh dostopnih medicinskih \u0161tudijah in veljavnih podatkih. Prav tako se zavzemamo za to, da bi se vklju\u010dilo v razprave o ustreznosti in sorazmernosti ukrepov ter njihovih posledicah ne samo strokovnjake iz medicine, temve\u010d iz vseh podro\u010dij, ki se jih je dotaknila epidemija, da bi ocenili vso kolateralno \u0161kodo ter primerjali \u0161kodo, ki jo je povzro\u010dil KOVID-19 s \u0161kodo, ki je posledica represivnih ukrepov v dru\u017ebi.<br \/><br \/><\/p>\t\t\t\t\t<\/div>\n\t\t\t\t\t\t<\/div>\n\t\t\t\t<\/div>\n\t\t\t\t<div class=\"elementor-element elementor-element-f50495b elementor-widget elementor-widget-text-editor\" data-id=\"f50495b\" data-element_type=\"widget\" data-widget_type=\"text-editor.default\">\n\t\t\t\t<div class=\"elementor-widget-container\">\n\t\t\t\t\t\t\t\t<div class=\"elementor-text-editor elementor-clearfix\">\n\t\t\t\t<p>Zahtevamo, da se spo\u0161tuje Ustava RS in slovenski pravni red!<\/p>\t\t\t\t\t<\/div>\n\t\t\t\t\t\t<\/div>\n\t\t\t\t<\/div>\n\t\t\t\t\t\t<\/div>\n\t\t\t\t\t<\/div>\n\t\t<\/div>\n\t\t\t\t\t\t\t\t<\/div>\n\t\t\t\t\t<\/div>\n\t\t<\/section>\n\t\t\t\t\t\t<\/div>\n\t\t\t\t\t\t<\/div>\n\t\t\t\t\t<\/div>\n\t\t","protected":false},"excerpt":{"rendered":"<p>Smo neodvisni odvetniki, pravniki in drugi strokovnjaki, ki smo za\u010deli sodelovati z namenom, da bi za\u0161\u010ditili svobodo in demokracijo, pravno dr\u017eavo in na\u0161e dr\u017eavljane, ki i\u0161\u010dejo pravno za\u0161\u010dito zaradi \u0161tevilnih nesorazmernih dr\u017eavnih ukrepov, sprejetih na podlagi razglasitve epidemije COVIDA-19. Zastopamo osnovne \u010dlovekove pravice do osebne svobode, samoodlo\u010dbe, zaposlitve, gibanja, svobode zbiranja, vzgoje in izobra\u017eevanja, izra\u017eanja [&hellip;]<\/p>\n","protected":false},"author":1,"featured_media":0,"parent":0,"menu_order":0,"comment_status":"closed","ping_status":"closed","template":"elementor_header_footer","meta":[],"_links":{"self":[{"href":"https:\/\/www.cisp.si\/2021\/wp-json\/wp\/v2\/pages\/18235"}],"collection":[{"href":"https:\/\/www.cisp.si\/2021\/wp-json\/wp\/v2\/pages"}],"about":[{"href":"https:\/\/www.cisp.si\/2021\/wp-json\/wp\/v2\/types\/page"}],"author":[{"embeddable":true,"href":"https:\/\/www.cisp.si\/2021\/wp-json\/wp\/v2\/users\/1"}],"replies":[{"embeddable":true,"href":"https:\/\/www.cisp.si\/2021\/wp-json\/wp\/v2\/comments?post=18235"}],"version-history":[{"count":31,"href":"https:\/\/www.cisp.si\/2021\/wp-json\/wp\/v2\/pages\/18235\/revisions"}],"predecessor-version":[{"id":19204,"href":"https:\/\/www.cisp.si\/2021\/wp-json\/wp\/v2\/pages\/18235\/revisions\/19204"}],"wp:attachment":[{"href":"https:\/\/www.cisp.si\/2021\/wp-json\/wp\/v2\/media?parent=18235"}],"curies":[{"name":"wp","href":"https:\/\/api.w.org\/{rel}","templated":true}]}}